{"id":18,"date":"2021-01-05T21:40:24","date_gmt":"2021-01-05T20:40:24","guid":{"rendered":"http:\/\/wahlliste.pkoz.de\/?page_id=18"},"modified":"2021-08-22T13:14:16","modified_gmt":"2021-08-22T11:14:16","slug":"gestalte-deine-website-mit-bloecken","status":"publish","type":"page","link":"https:\/\/wahlliste.pkoz.de\/","title":{"rendered":"Liste<br>Pflegekammer ohne Zwang<br>RLP"},"content":{"rendered":"\n<h2 class=\"wp-block-heading\" style=\"font-size:60px\">Liste Pflegekammer<span class=\"has-inline-color has-vivid-red-color\"> o<\/span>hne Zwang<\/h2>\n\n\n\n<figure class=\"wp-block-image size-full\"><img loading=\"lazy\" decoding=\"async\" width=\"509\" height=\"510\" src=\"http:\/\/wahlliste.pkoz.de\/wp-content\/uploads\/2021\/08\/221c426c-c5f6-4e3a-82ad-f098f00ad02b.jpg\" alt=\"\" class=\"wp-image-183\" srcset=\"https:\/\/wahlliste.pkoz.de\/wp-content\/uploads\/2021\/08\/221c426c-c5f6-4e3a-82ad-f098f00ad02b.jpg 509w, https:\/\/wahlliste.pkoz.de\/wp-content\/uploads\/2021\/08\/221c426c-c5f6-4e3a-82ad-f098f00ad02b-300x300.jpg 300w, https:\/\/wahlliste.pkoz.de\/wp-content\/uploads\/2021\/08\/221c426c-c5f6-4e3a-82ad-f098f00ad02b-150x150.jpg 150w\" sizes=\"auto, (max-width: 509px) 100vw, 509px\" \/><figcaption><strong>aus aktuellem Anlass<\/strong><\/figcaption><\/figure>\n\n\n\n<div class=\"wp-block-image\"><figure class=\"aligncenter size-large\"><img loading=\"lazy\" decoding=\"async\" width=\"180\" height=\"194\" src=\"http:\/\/wahlliste.pkoz.de\/wp-content\/uploads\/2021\/01\/autobahnschild-180-1.gif\" alt=\"\" class=\"wp-image-40\"\/><\/figure><\/div>\n\n\n\n<div style=\"height:17px\" aria-hidden=\"true\" class=\"wp-block-spacer\"><\/div>\n\n\n\n<p style=\"font-size:40px\"><strong>Wir Danken allen unseren Unterst\u00fctzerInnen und W\u00e4hlerInnen!<\/strong><\/p>\n\n\n\n<h2 class=\"wp-block-heading\" style=\"font-size:40px\">&#8211; Finanzierung der Pflegekammer durch \u00f6ffentliche Tr\u00e4ger<\/h2>\n\n\n\n<h2 class=\"wp-block-heading\" style=\"font-size:40px\">&#8211; Verzicht auf Zwangsmitgliedschaft<\/h2>\n\n\n\n<h2 class=\"wp-block-heading\" style=\"font-size:40px\">&#8211; demokratische Mitbestimmung<\/h2>\n\n\n\n<h2 class=\"wp-block-heading\" style=\"font-size:40px\">&#8211; Transparenz<\/h2>\n\n\n\n<h2 class=\"wp-block-heading\" style=\"font-size:40px\">&#8211; Anpassung des Heilberufegesetzes im Bezug auf:<\/h2>\n\n\n\n<div class=\"wp-block-group\"><div class=\"wp-block-group__inner-container is-layout-flow wp-block-group-is-layout-flow\">\n<h2 class=\"wp-block-heading\" style=\"font-size:40px\">        &#8211; Abschaffung der Pflichtmitgliedschaft<\/h2>\n\n\n\n<h2 class=\"wp-block-heading\" style=\"font-size:40px\">        &#8211; Einbeziehung aller Pflegekr\u00e4fte mit einer staatlich geregelten<br>          Ausbildung im Gesundheitsberuf<\/h2>\n<\/div><\/div>\n\n\n\n<p><\/p>\n\n\n\n<figure class=\"wp-block-image size-full\"><img loading=\"lazy\" decoding=\"async\" width=\"509\" height=\"510\" src=\"http:\/\/wahlliste.pkoz.de\/wp-content\/uploads\/2021\/08\/221c426c-c5f6-4e3a-82ad-f098f00ad02b.jpg\" alt=\"\" class=\"wp-image-183\" srcset=\"https:\/\/wahlliste.pkoz.de\/wp-content\/uploads\/2021\/08\/221c426c-c5f6-4e3a-82ad-f098f00ad02b.jpg 509w, https:\/\/wahlliste.pkoz.de\/wp-content\/uploads\/2021\/08\/221c426c-c5f6-4e3a-82ad-f098f00ad02b-300x300.jpg 300w, https:\/\/wahlliste.pkoz.de\/wp-content\/uploads\/2021\/08\/221c426c-c5f6-4e3a-82ad-f098f00ad02b-150x150.jpg 150w\" sizes=\"auto, (max-width: 509px) 100vw, 509px\" \/><figcaption>aus aktuellem Anlass<\/figcaption><\/figure>\n","protected":false},"excerpt":{"rendered":"<p>Liste Pflegekammer ohne Zwang Wir Danken allen unseren Unterst\u00fctzerInnen und W\u00e4hlerInnen! &#8211; Finanzierung der Pflegekammer durch \u00f6ffentliche Tr\u00e4ger &#8211; Verzicht auf Zwangsmitgliedschaft &#8211; demokratische Mitbestimmung &#8211; Transparenz &#8211; Anpassung des. <a class=\"read-more-link\" href=\"https:\/\/wahlliste.pkoz.de\/\">read more&#8230;<\/a><\/p>\n","protected":false},"author":1,"featured_media":0,"parent":0,"menu_order":0,"comment_status":"closed","ping_status":"closed","template":"","meta":{"footnotes":""},"class_list":["post-18","page","type-page","status-publish","hentry"],"jetpack_sharing_enabled":true,"_links":{"self":[{"href":"https:\/\/wahlliste.pkoz.de\/index.php?rest_route=\/wp\/v2\/pages\/18","targetHints":{"allow":["GET"]}}],"collection":[{"href":"https:\/\/wahlliste.pkoz.de\/index.php?rest_route=\/wp\/v2\/pages"}],"about":[{"href":"https:\/\/wahlliste.pkoz.de\/index.php?rest_route=\/wp\/v2\/types\/page"}],"author":[{"embeddable":true,"href":"https:\/\/wahlliste.pkoz.de\/index.php?rest_route=\/wp\/v2\/users\/1"}],"replies":[{"embeddable":true,"href":"https:\/\/wahlliste.pkoz.de\/index.php?rest_route=%2Fwp%2Fv2%2Fcomments&post=18"}],"version-history":[{"count":10,"href":"https:\/\/wahlliste.pkoz.de\/index.php?rest_route=\/wp\/v2\/pages\/18\/revisions"}],"predecessor-version":[{"id":187,"href":"https:\/\/wahlliste.pkoz.de\/index.php?rest_route=\/wp\/v2\/pages\/18\/revisions\/187"}],"wp:attachment":[{"href":"https:\/\/wahlliste.pkoz.de\/index.php?rest_route=%2Fwp%2Fv2%2Fmedia&parent=18"}],"curies":[{"name":"wp","href":"https:\/\/api.w.org\/{rel}","templated":true}]}}